{"id":999,"date":"2024-01-04T17:06:18","date_gmt":"2024-01-04T17:06:18","guid":{"rendered":"https:\/\/rareviewgoodies.net\/?post_type=product&#038;p=999"},"modified":"2024-10-03T21:28:17","modified_gmt":"2024-10-03T21:28:17","slug":"stylo-a-bille-avec-stylet-en-caoutchouc","status":"publish","type":"product","link":"https:\/\/rareviewgoodies.net\/?product=stylo-a-bille-avec-stylet-en-caoutchouc","title":{"rendered":"Stylo \u00e0 bille avec stylet en caoutchouc"},"content":{"rendered":"<p>Stylo \u00e0 bille avec stylet rev\u00eatu de caoutchouc et m\u00e9canisme bouton-poussoir. La couleur de la pointe du stylet est assortie \u00e0 la sous-couche grav\u00e9e au laser du stylo.<br \/>\nLe stylo a une agrafe m\u00e9tallique, un stylet en caoutchouc et est fait d&rsquo;aluminium. Le stylo bille peut \u00eatre grav\u00e9 au laser et le logo appara\u00eetra dans la couleur de la pointe du stylet<\/p>\n","protected":false},"excerpt":{"rendered":"<p>La couleur de la pointe du stylet est assortie \u00e0 la sous-couche grav\u00e9e au laser du stylo<\/p>\n","protected":false},"featured_media":975,"template":"","meta":[],"product_cat":[160,177],"product_tag":[],"_links":{"self":[{"href":"https:\/\/rareviewgoodies.net\/index.php?rest_route=\/wp\/v2\/product\/999"}],"collection":[{"href":"https:\/\/rareviewgoodies.net\/index.php?rest_route=\/wp\/v2\/product"}],"about":[{"href":"https:\/\/rareviewgoodies.net\/index.php?rest_route=\/wp\/v2\/types\/product"}],"wp:featuredmedia":[{"embeddable":true,"href":"https:\/\/rareviewgoodies.net\/index.php?rest_route=\/wp\/v2\/media\/975"}],"wp:attachment":[{"href":"https:\/\/rareviewgoodies.net\/index.php?rest_route=%2Fwp%2Fv2%2Fmedia&parent=999"}],"wp:term":[{"taxonomy":"product_cat","embeddable":true,"href":"https:\/\/rareviewgoodies.net\/index.php?rest_route=%2Fwp%2Fv2%2Fproduct_cat&post=999"},{"taxonomy":"product_tag","embeddable":true,"href":"https:\/\/rareviewgoodies.net\/index.php?rest_route=%2Fwp%2Fv2%2Fproduct_tag&post=999"}],"curies":[{"name":"wp","href":"https:\/\/api.w.org\/{rel}","templated":true}]}}