{"id":973,"date":"2023-12-30T17:50:04","date_gmt":"2023-12-30T17:50:04","guid":{"rendered":"https:\/\/rareviewgoodies.net\/?post_type=product&#038;p=973"},"modified":"2024-01-20T15:56:34","modified_gmt":"2024-01-20T15:56:34","slug":"stylo-metal-stylet","status":"publish","type":"product","link":"https:\/\/rareviewgoodies.net\/?product=stylo-metal-stylet","title":{"rendered":"Stylo metal stylet"},"content":{"rendered":"<p>Stylets m\u00e9tal sont chic et sophistiqu\u00e9. Ils avaient utilis\u00e9 une substance m\u00e9tallique robuste lors de la fabrication, rendant ainsi solide et durable. Le barillet de ce stylo promotionnel est fait de couleur m\u00e9tallique vibrante, ce qui le rend assez vibrant. Tout le canon du stylo avait \u00e9t\u00e9 recouvert de caoutchouc.<br \/>\nTaille de l&rsquo;article: 141x10mm |<br \/>\nPoids de l&rsquo;article: 0.020 kg.<br \/>\nDisponible en 7 couleurs:<br \/>\nnoir, cyan. Bleu fonc\u00e9, vert, gris, orange et rouge<br \/>\nTaille du carton: 40x35x13 cm<br \/>\nPoids du carton: 10 kg<br \/>\nTechniques d&rsquo;impression pour les graphiques: gravure au laser<\/p>\n","protected":false},"excerpt":{"rendered":"<p>Stylos Aluminium<br \/>\nVotre logo ressort grav\u00e9 avec une finition miroir<\/p>\n","protected":false},"featured_media":974,"template":"","meta":[],"product_cat":[160,177],"product_tag":[],"_links":{"self":[{"href":"https:\/\/rareviewgoodies.net\/index.php?rest_route=\/wp\/v2\/product\/973"}],"collection":[{"href":"https:\/\/rareviewgoodies.net\/index.php?rest_route=\/wp\/v2\/product"}],"about":[{"href":"https:\/\/rareviewgoodies.net\/index.php?rest_route=\/wp\/v2\/types\/product"}],"wp:featuredmedia":[{"embeddable":true,"href":"https:\/\/rareviewgoodies.net\/index.php?rest_route=\/wp\/v2\/media\/974"}],"wp:attachment":[{"href":"https:\/\/rareviewgoodies.net\/index.php?rest_route=%2Fwp%2Fv2%2Fmedia&parent=973"}],"wp:term":[{"taxonomy":"product_cat","embeddable":true,"href":"https:\/\/rareviewgoodies.net\/index.php?rest_route=%2Fwp%2Fv2%2Fproduct_cat&post=973"},{"taxonomy":"product_tag","embeddable":true,"href":"https:\/\/rareviewgoodies.net\/index.php?rest_route=%2Fwp%2Fv2%2Fproduct_tag&post=973"}],"curies":[{"name":"wp","href":"https:\/\/api.w.org\/{rel}","templated":true}]}}