{"id":1023,"date":"2024-01-04T20:17:26","date_gmt":"2024-01-04T20:17:26","guid":{"rendered":"https:\/\/rareviewgoodies.net\/?post_type=product&#038;p=1023"},"modified":"2024-06-07T07:24:27","modified_gmt":"2024-06-07T07:24:27","slug":"stylo-a-bille-lillehammer","status":"publish","type":"product","link":"https:\/\/rareviewgoodies.net\/?product=stylo-a-bille-lillehammer","title":{"rendered":"Stylo \u00e0 bille Lillehammer"},"content":{"rendered":"","protected":false},"excerpt":{"rendered":"<p>Stylo \u00e0 bille twist ( encre blue) en m\u00e9tal avec rev\u00eatement en li\u00e8ge<\/p>\n","protected":false},"featured_media":991,"template":"","meta":[],"product_cat":[160,177],"product_tag":[],"_links":{"self":[{"href":"https:\/\/rareviewgoodies.net\/index.php?rest_route=\/wp\/v2\/product\/1023"}],"collection":[{"href":"https:\/\/rareviewgoodies.net\/index.php?rest_route=\/wp\/v2\/product"}],"about":[{"href":"https:\/\/rareviewgoodies.net\/index.php?rest_route=\/wp\/v2\/types\/product"}],"wp:featuredmedia":[{"embeddable":true,"href":"https:\/\/rareviewgoodies.net\/index.php?rest_route=\/wp\/v2\/media\/991"}],"wp:attachment":[{"href":"https:\/\/rareviewgoodies.net\/index.php?rest_route=%2Fwp%2Fv2%2Fmedia&parent=1023"}],"wp:term":[{"taxonomy":"product_cat","embeddable":true,"href":"https:\/\/rareviewgoodies.net\/index.php?rest_route=%2Fwp%2Fv2%2Fproduct_cat&post=1023"},{"taxonomy":"product_tag","embeddable":true,"href":"https:\/\/rareviewgoodies.net\/index.php?rest_route=%2Fwp%2Fv2%2Fproduct_tag&post=1023"}],"curies":[{"name":"wp","href":"https:\/\/api.w.org\/{rel}","templated":true}]}}