{"id":1012,"date":"2024-01-04T17:59:40","date_gmt":"2024-01-04T17:59:40","guid":{"rendered":"https:\/\/rareviewgoodies.net\/?post_type=product&#038;p=1012"},"modified":"2024-10-03T21:28:17","modified_gmt":"2024-10-03T21:28:17","slug":"stylo-metal-mat-avec-stylet-en-caoutchouc","status":"publish","type":"product","link":"https:\/\/rareviewgoodies.net\/?product=stylo-metal-mat-avec-stylet-en-caoutchouc","title":{"rendered":"Stylo metal mat avec stylet en caoutchouc"},"content":{"rendered":"<p>Les stylets m\u00e9talliques avec Texture Grip sont des instruments d&rsquo;\u00e9criture polyvalents. Ces stylos m\u00e9talliques sont souvent utilis\u00e9s avec les mobiles, les tablettes et autres appareils \u00e0 \u00e9cran tactile, permettant aux utilisateurs d&rsquo;\u00e9crire, de dessiner et d&rsquo;interagir avec leurs appareils plus pr\u00e9cis\u00e9ment qu&rsquo;avec leurs doigts.<\/p>\n","protected":false},"excerpt":{"rendered":"<p>Roller en aluminium \u00e0 la finition \u00e9l\u00e9gante et douce au toucher<\/p>\n","protected":false},"featured_media":987,"template":"","meta":[],"product_cat":[160,177],"product_tag":[],"_links":{"self":[{"href":"https:\/\/rareviewgoodies.net\/index.php?rest_route=\/wp\/v2\/product\/1012"}],"collection":[{"href":"https:\/\/rareviewgoodies.net\/index.php?rest_route=\/wp\/v2\/product"}],"about":[{"href":"https:\/\/rareviewgoodies.net\/index.php?rest_route=\/wp\/v2\/types\/product"}],"wp:featuredmedia":[{"embeddable":true,"href":"https:\/\/rareviewgoodies.net\/index.php?rest_route=\/wp\/v2\/media\/987"}],"wp:attachment":[{"href":"https:\/\/rareviewgoodies.net\/index.php?rest_route=%2Fwp%2Fv2%2Fmedia&parent=1012"}],"wp:term":[{"taxonomy":"product_cat","embeddable":true,"href":"https:\/\/rareviewgoodies.net\/index.php?rest_route=%2Fwp%2Fv2%2Fproduct_cat&post=1012"},{"taxonomy":"product_tag","embeddable":true,"href":"https:\/\/rareviewgoodies.net\/index.php?rest_route=%2Fwp%2Fv2%2Fproduct_tag&post=1012"}],"curies":[{"name":"wp","href":"https:\/\/api.w.org\/{rel}","templated":true}]}}