{"id":1011,"date":"2024-01-04T17:45:47","date_gmt":"2024-01-04T17:45:47","guid":{"rendered":"https:\/\/rareviewgoodies.net\/?post_type=product&#038;p=1011"},"modified":"2024-04-29T22:27:25","modified_gmt":"2024-04-29T22:27:25","slug":"stylo-click-shadow-soft-touch","status":"publish","type":"product","link":"https:\/\/rareviewgoodies.net\/?product=stylo-click-shadow-soft-touch","title":{"rendered":"Stylo Click-Shadow soft-touch"},"content":{"rendered":"<p>Cet \u00e9l\u00e9gant stylo avec clip original a une finition soft-touch dans des couleurs tendance. Il comporte un bouton-poussoir blanc<br \/>\net des accents blancs sous le clip robuste. \u00c9quip\u00e9 d&rsquo;une recharge bleue pour \u00e9criture longue.<\/p>\n","protected":false},"excerpt":{"rendered":"<p>Dot\u00e9 d&rsquo;une belle finition douce au toucher dans toutes sortes de couleurs modernes<\/p>\n","protected":false},"featured_media":986,"template":"","meta":[],"product_cat":[160,178],"product_tag":[],"_links":{"self":[{"href":"https:\/\/rareviewgoodies.net\/index.php?rest_route=\/wp\/v2\/product\/1011"}],"collection":[{"href":"https:\/\/rareviewgoodies.net\/index.php?rest_route=\/wp\/v2\/product"}],"about":[{"href":"https:\/\/rareviewgoodies.net\/index.php?rest_route=\/wp\/v2\/types\/product"}],"wp:featuredmedia":[{"embeddable":true,"href":"https:\/\/rareviewgoodies.net\/index.php?rest_route=\/wp\/v2\/media\/986"}],"wp:attachment":[{"href":"https:\/\/rareviewgoodies.net\/index.php?rest_route=%2Fwp%2Fv2%2Fmedia&parent=1011"}],"wp:term":[{"taxonomy":"product_cat","embeddable":true,"href":"https:\/\/rareviewgoodies.net\/index.php?rest_route=%2Fwp%2Fv2%2Fproduct_cat&post=1011"},{"taxonomy":"product_tag","embeddable":true,"href":"https:\/\/rareviewgoodies.net\/index.php?rest_route=%2Fwp%2Fv2%2Fproduct_tag&post=1011"}],"curies":[{"name":"wp","href":"https:\/\/api.w.org\/{rel}","templated":true}]}}