{"id":1009,"date":"2024-01-04T17:37:14","date_gmt":"2024-01-04T17:37:14","guid":{"rendered":"https:\/\/rareviewgoodies.net\/?post_type=product&#038;p=1009"},"modified":"2024-05-03T20:58:29","modified_gmt":"2024-05-03T20:58:29","slug":"stylet-stylo-bille-metallique","status":"publish","type":"product","link":"https:\/\/rareviewgoodies.net\/?product=stylet-stylo-bille-metallique","title":{"rendered":"Stylet Stylo bille m\u00e9tallique"},"content":{"rendered":"<p>Ce stylo bille m\u00e9tallique anodis\u00e9 est dot\u00e9 d&rsquo;un stylet int\u00e9gr\u00e9 sur la pointe. Ce stylo est disponible dans une grande vari\u00e9t\u00e9 de couleurs et pr\u00e9sente<br \/>\nune finition anodis\u00e9e qui lui donne un \u00e9clat \u00e9tonnant. La gamme Moneta, vaste et populaire, est disponible dans de nombreux styles et finitions diff\u00e9rents.<\/p>\n","protected":false},"excerpt":{"rendered":"<p>Stylo bille m\u00e9tallique anodis\u00e9, dot\u00e9 d&rsquo;un stylet int\u00e9gr\u00e9 sur la pointe<\/p>\n","protected":false},"featured_media":984,"template":"","meta":[],"product_cat":[160,177],"product_tag":[],"_links":{"self":[{"href":"https:\/\/rareviewgoodies.net\/index.php?rest_route=\/wp\/v2\/product\/1009"}],"collection":[{"href":"https:\/\/rareviewgoodies.net\/index.php?rest_route=\/wp\/v2\/product"}],"about":[{"href":"https:\/\/rareviewgoodies.net\/index.php?rest_route=\/wp\/v2\/types\/product"}],"wp:featuredmedia":[{"embeddable":true,"href":"https:\/\/rareviewgoodies.net\/index.php?rest_route=\/wp\/v2\/media\/984"}],"wp:attachment":[{"href":"https:\/\/rareviewgoodies.net\/index.php?rest_route=%2Fwp%2Fv2%2Fmedia&parent=1009"}],"wp:term":[{"taxonomy":"product_cat","embeddable":true,"href":"https:\/\/rareviewgoodies.net\/index.php?rest_route=%2Fwp%2Fv2%2Fproduct_cat&post=1009"},{"taxonomy":"product_tag","embeddable":true,"href":"https:\/\/rareviewgoodies.net\/index.php?rest_route=%2Fwp%2Fv2%2Fproduct_tag&post=1009"}],"curies":[{"name":"wp","href":"https:\/\/api.w.org\/{rel}","templated":true}]}}