{"id":1004,"date":"2024-01-04T17:22:36","date_gmt":"2024-01-04T17:22:36","guid":{"rendered":"https:\/\/rareviewgoodies.net\/?post_type=product&#038;p=1004"},"modified":"2024-10-03T21:28:17","modified_gmt":"2024-10-03T21:28:17","slug":"rollerball-en-metal-new-york","status":"publish","type":"product","link":"https:\/\/rareviewgoodies.net\/?product=rollerball-en-metal-new-york","title":{"rendered":"Rollerball en m\u00e9tal NEW YORK"},"content":{"rendered":"<p>Roller en aluminium \u00e0 la finition \u00e9l\u00e9gante et douce au toucher. Avec clip m\u00e9tal tr\u00e8s r\u00e9sistant et disponible dans de tr\u00e8s belles couleurs.<\/p>\n<p>Couleur d&rsquo;\u00e9criture: bleu.<\/p>\n","protected":false},"excerpt":{"rendered":"<p>Roller en aluminium \u00e0 la finition \u00e9l\u00e9gante et douce au toucher. Avec clip m\u00e9tal tr\u00e8s r\u00e9sistant et disponible dans de tr\u00e8s belles couleurs. Couleur d&rsquo;\u00e9criture: bleu.<\/p>\n","protected":false},"featured_media":979,"template":"","meta":[],"product_cat":[160,177],"product_tag":[],"_links":{"self":[{"href":"https:\/\/rareviewgoodies.net\/index.php?rest_route=\/wp\/v2\/product\/1004"}],"collection":[{"href":"https:\/\/rareviewgoodies.net\/index.php?rest_route=\/wp\/v2\/product"}],"about":[{"href":"https:\/\/rareviewgoodies.net\/index.php?rest_route=\/wp\/v2\/types\/product"}],"wp:featuredmedia":[{"embeddable":true,"href":"https:\/\/rareviewgoodies.net\/index.php?rest_route=\/wp\/v2\/media\/979"}],"wp:attachment":[{"href":"https:\/\/rareviewgoodies.net\/index.php?rest_route=%2Fwp%2Fv2%2Fmedia&parent=1004"}],"wp:term":[{"taxonomy":"product_cat","embeddable":true,"href":"https:\/\/rareviewgoodies.net\/index.php?rest_route=%2Fwp%2Fv2%2Fproduct_cat&post=1004"},{"taxonomy":"product_tag","embeddable":true,"href":"https:\/\/rareviewgoodies.net\/index.php?rest_route=%2Fwp%2Fv2%2Fproduct_tag&post=1004"}],"curies":[{"name":"wp","href":"https:\/\/api.w.org\/{rel}","templated":true}]}}