{"id":1003,"date":"2024-01-04T17:20:50","date_gmt":"2024-01-04T17:20:50","guid":{"rendered":"https:\/\/rareviewgoodies.net\/?post_type=product&#038;p=1003"},"modified":"2024-10-03T21:28:07","modified_gmt":"2024-10-03T21:28:07","slug":"stylo-click-shadow-metalise","status":"publish","type":"product","link":"https:\/\/rareviewgoodies.net\/?product=stylo-click-shadow-metalise","title":{"rendered":"Stylo Click-Shadow metalis\u00e9"},"content":{"rendered":"<p>Un stylo propos\u00e9 dans des couleurs m\u00e9talis\u00e9es tr\u00e8s tendance. Clip solide et cartouche Jumbo (4.5km) avec encre bleue par d\u00e9faut.<\/p>\n","protected":false},"excerpt":{"rendered":"<p>Un stylo propos\u00e9 dans des couleurs m\u00e9talis\u00e9es<\/p>\n","protected":false},"featured_media":978,"template":"","meta":[],"product_cat":[160,177],"product_tag":[],"_links":{"self":[{"href":"https:\/\/rareviewgoodies.net\/index.php?rest_route=\/wp\/v2\/product\/1003"}],"collection":[{"href":"https:\/\/rareviewgoodies.net\/index.php?rest_route=\/wp\/v2\/product"}],"about":[{"href":"https:\/\/rareviewgoodies.net\/index.php?rest_route=\/wp\/v2\/types\/product"}],"wp:featuredmedia":[{"embeddable":true,"href":"https:\/\/rareviewgoodies.net\/index.php?rest_route=\/wp\/v2\/media\/978"}],"wp:attachment":[{"href":"https:\/\/rareviewgoodies.net\/index.php?rest_route=%2Fwp%2Fv2%2Fmedia&parent=1003"}],"wp:term":[{"taxonomy":"product_cat","embeddable":true,"href":"https:\/\/rareviewgoodies.net\/index.php?rest_route=%2Fwp%2Fv2%2Fproduct_cat&post=1003"},{"taxonomy":"product_tag","embeddable":true,"href":"https:\/\/rareviewgoodies.net\/index.php?rest_route=%2Fwp%2Fv2%2Fproduct_tag&post=1003"}],"curies":[{"name":"wp","href":"https:\/\/api.w.org\/{rel}","templated":true}]}}