{"id":1002,"date":"2024-01-04T17:17:23","date_gmt":"2024-01-04T17:17:23","guid":{"rendered":"https:\/\/rareviewgoodies.net\/?post_type=product&#038;p=1002"},"modified":"2024-02-12T05:24:16","modified_gmt":"2024-02-12T05:24:16","slug":"stylo-bille-en-carton-recycle-et-plastique","status":"publish","type":"product","link":"https:\/\/rareviewgoodies.net\/?product=stylo-bille-en-carton-recycle-et-plastique","title":{"rendered":"Stylo bille en carton recycl\u00e9 et plastique"},"content":{"rendered":"<p>Ce stylo est en carton recycl\u00e9 et plastique de ma\u00efs. Il est 100% personnalisable. Ce stylo est \u00e0 encre noire. Il est r\u00e9tractable. En raison de son poids de 6 grammes,<br \/>\nvous offrez un stylo qui s&#8217;emporte partout.<\/p>\n","protected":false},"excerpt":{"rendered":"<p>Ce stylo fabriqu\u00e9 en carton recycl\u00e9 et plastique de ma\u00ees<\/p>\n","protected":false},"featured_media":977,"template":"","meta":[],"product_cat":[160,178],"product_tag":[],"_links":{"self":[{"href":"https:\/\/rareviewgoodies.net\/index.php?rest_route=\/wp\/v2\/product\/1002"}],"collection":[{"href":"https:\/\/rareviewgoodies.net\/index.php?rest_route=\/wp\/v2\/product"}],"about":[{"href":"https:\/\/rareviewgoodies.net\/index.php?rest_route=\/wp\/v2\/types\/product"}],"wp:featuredmedia":[{"embeddable":true,"href":"https:\/\/rareviewgoodies.net\/index.php?rest_route=\/wp\/v2\/media\/977"}],"wp:attachment":[{"href":"https:\/\/rareviewgoodies.net\/index.php?rest_route=%2Fwp%2Fv2%2Fmedia&parent=1002"}],"wp:term":[{"taxonomy":"product_cat","embeddable":true,"href":"https:\/\/rareviewgoodies.net\/index.php?rest_route=%2Fwp%2Fv2%2Fproduct_cat&post=1002"},{"taxonomy":"product_tag","embeddable":true,"href":"https:\/\/rareviewgoodies.net\/index.php?rest_route=%2Fwp%2Fv2%2Fproduct_tag&post=1002"}],"curies":[{"name":"wp","href":"https:\/\/api.w.org\/{rel}","templated":true}]}}