{"id":1000,"date":"2024-01-04T17:13:08","date_gmt":"2024-01-04T17:13:08","guid":{"rendered":"https:\/\/rareviewgoodies.net\/?post_type=product&#038;p=1000"},"modified":"2024-10-03T21:27:43","modified_gmt":"2024-10-03T21:27:43","slug":"stylo-stylet-3-en-1","status":"publish","type":"product","link":"https:\/\/rareviewgoodies.net\/?product=stylo-stylet-3-en-1","title":{"rendered":"Stylo stylet 3 en 1"},"content":{"rendered":"<p>Stylo moderne 3 en 1 : Stylo, stylet pour les \u00e9crans tactiles et porte t\u00e9l\u00e9phone. Un cadeau tr\u00e8s branch\u00e9 au design sobre, disponible en 6 couleurs diff\u00e9rentes.<br \/>\nTous nos produits sont test\u00e9s et certifi\u00e9s, et r\u00e9pondent aux normes sociales.<\/p>\n","protected":false},"excerpt":{"rendered":"<p>Stylo, stylet pour les \u00e9crans tactiles et porte t\u00e9l\u00e9phone<\/p>\n","protected":false},"featured_media":976,"template":"","meta":[],"product_cat":[160,177],"product_tag":[],"_links":{"self":[{"href":"https:\/\/rareviewgoodies.net\/index.php?rest_route=\/wp\/v2\/product\/1000"}],"collection":[{"href":"https:\/\/rareviewgoodies.net\/index.php?rest_route=\/wp\/v2\/product"}],"about":[{"href":"https:\/\/rareviewgoodies.net\/index.php?rest_route=\/wp\/v2\/types\/product"}],"wp:featuredmedia":[{"embeddable":true,"href":"https:\/\/rareviewgoodies.net\/index.php?rest_route=\/wp\/v2\/media\/976"}],"wp:attachment":[{"href":"https:\/\/rareviewgoodies.net\/index.php?rest_route=%2Fwp%2Fv2%2Fmedia&parent=1000"}],"wp:term":[{"taxonomy":"product_cat","embeddable":true,"href":"https:\/\/rareviewgoodies.net\/index.php?rest_route=%2Fwp%2Fv2%2Fproduct_cat&post=1000"},{"taxonomy":"product_tag","embeddable":true,"href":"https:\/\/rareviewgoodies.net\/index.php?rest_route=%2Fwp%2Fv2%2Fproduct_tag&post=1000"}],"curies":[{"name":"wp","href":"https:\/\/api.w.org\/{rel}","templated":true}]}}